{"id":8629,"date":"2024-04-16T07:55:51","date_gmt":"2024-04-16T07:55:51","guid":{"rendered":"https:\/\/inmueblesmodagris.com.mx\/site\/?page_id=8629"},"modified":"2024-04-16T07:55:51","modified_gmt":"2024-04-16T07:55:51","slug":"desarrollos-entregados","status":"publish","type":"page","link":"https:\/\/inmueblesmodagris.com.mx\/site\/desarrollos-entregados\/","title":{"rendered":"Desarrollos Entregados"},"content":{"rendered":"<div class=\"span6 \">\n<p><img loading=\"lazy\" decoding=\"async\" class=\"wp-image-2367\" src=\"http:\/\/www.inmueblesmodagris.com.mx\/site_OLD\/wp-content\/uploads\/2021\/02\/bosqueencino.jpg\" sizes=\"auto, (max-width: 600px) 100vw, 600px\" srcset=\"https:\/\/www.inmueblesmodagris.com.mx\/site_OLD\/wp-content\/uploads\/2021\/02\/bosqueencino.jpg 577w, https:\/\/www.inmueblesmodagris.com.mx\/site_OLD\/wp-content\/uploads\/2021\/02\/bosqueencino-300x106.jpg 300w\" alt=\"\" width=\"600\" height=\"212\" \/><\/p>\n<p><strong><u>Avenida Central #40<\/u><\/strong><\/p>\n<p><strong><u>Fraccionamiento \u201cJardines de Tlayacapan\u201d<\/u><\/strong><\/p>\n<p><strong><u>Tlayacapan, Estado de Morelos<\/u><\/strong><\/p>\n<p>Condominio Habitacional integrado de 5 Casas, cada una con Alberca.<\/p>\n<p>Descripci\u00f3n de cada Casa:<\/p>\n<p><strong><u>PLANTA BAJA<\/u><\/strong><\/p>\n<ul>\n<li>Canceles de Acceso<\/li>\n<li>Cocina, con estufa y campana<\/li>\n<li>Sala<\/li>\n<li>Comedor<\/li>\n<li>Medio Ba\u00f1o<\/li>\n<li>Patio de Servicio con \u00e1rea de Lavado<\/li>\n<li>Boiler<\/li>\n<li>Bodega<\/li>\n<li>Cisterna de 5,000 lts.<\/li>\n<li>Bomba de agua<\/li>\n<\/ul>\n<p><strong><u>PLANTA ALTA<\/u><\/strong><\/p>\n<ul>\n<li>Tres rec\u00e1maras, todas con closet<\/li>\n<li>Dos ba\u00f1os completos, la rec\u00e1mara principal cuenta con uno de los ba\u00f1os completos integrado a la misma.<\/li>\n<\/ul>\n<p><strong><u>ALBERCA<\/u><\/strong><\/p>\n<ul>\n<li>Medidas: 6.00 mts X 4.00 mts X 1.40 mts<\/li>\n<li>Cuarto de m\u00e1quinas, con bomba de medio caballo de fuerza<\/li>\n<\/ul>\n<ul>\n<li>Tinaco de 1,200 lts.<\/li>\n<li>Instalaci\u00f3n de Gas.<\/li>\n<li>Tanque estacionario de Gas de 120 lts.<\/li>\n<li>Espacio para 2 autom\u00f3viles<\/li>\n<\/ul>\n<figure class=\"wp-block-table\">\n<table>\n<tbody>\n<tr>\n<td><\/td>\n<td><strong>CASA 1<\/strong><\/td>\n<td><strong>CASA 2<\/strong><\/td>\n<td><strong>CASA 3<\/strong><\/td>\n<td><strong>CASA 4<\/strong><\/td>\n<td><strong>CASA 5<\/strong><\/td>\n<\/tr>\n<tr>\n<td><strong>SUPERFICIE DE TERRENO<\/strong><\/td>\n<td><strong>249.00 M2<\/strong><\/td>\n<td><strong>219.00 M2<\/strong><\/td>\n<td><strong>219.00 M2<\/strong><\/td>\n<td><strong>295.00 M2<\/strong><\/td>\n<td><strong>250.50 M2<\/strong><\/td>\n<\/tr>\n<tr>\n<td><strong>SUPERFICIE DE CONSTRUCCI\u00d3N<\/strong><\/td>\n<td><strong>110.00 M2<\/strong><\/td>\n<td><strong>110.00 M2<\/strong><\/td>\n<td><strong>110.00 M2<\/strong><\/td>\n<td><strong>110.00 M2<\/strong><\/td>\n<td><strong>110.00 M2<\/strong><\/td>\n<\/tr>\n<tr>\n<td><strong>SUPERFICIE DE JARDIN<\/strong><\/td>\n<td><strong>140.00 M2<\/strong><\/td>\n<td><strong>110.00 M2<\/strong><\/td>\n<td><strong>110.00 M2<\/strong><\/td>\n<td><strong>185.00 M2<\/strong><\/td>\n<td><strong>140.50 M2<\/strong><\/td>\n<\/tr>\n<\/tbody>\n<\/table>\n<\/figure>\n<\/div>\n<div class=\"span6 \">\n<figure class=\"wp-block-gallery columns-3 is-cropped wp-block-gallery-2 is-layout-flex wp-block-gallery-is-layout-flex\">\n<ul class=\"blocks-gallery-grid\">\n<li class=\"blocks-gallery-item\">\n<figure><img loading=\"lazy\" decoding=\"async\" class=\"wp-image-2325\" src=\"http:\/\/www.inmueblesmodagris.com.mx\/site_OLD\/wp-content\/uploads\/2021\/02\/GALL-07-1024x766.jpg\" sizes=\"auto, (max-width: 1024px) 100vw, 1024px\" srcset=\"https:\/\/www.inmueblesmodagris.com.mx\/site_OLD\/wp-content\/uploads\/2021\/02\/GALL-07-1024x766.jpg 1024w, https:\/\/www.inmueblesmodagris.com.mx\/site_OLD\/wp-content\/uploads\/2021\/02\/GALL-07-300x224.jpg 300w, https:\/\/www.inmueblesmodagris.com.mx\/site_OLD\/wp-content\/uploads\/2021\/02\/GALL-07-768x574.jpg 768w, https:\/\/www.inmueblesmodagris.com.mx\/site_OLD\/wp-content\/uploads\/2021\/02\/GALL-07.jpg 1277w\" alt=\"\" width=\"1024\" height=\"766\" data-id=\"2325\" data-full-url=\"http:\/\/www.inmueblesmodagris.com.mx\/site_OLD\/wp-content\/uploads\/2021\/02\/GALL-07.jpg\" data-link=\"http:\/\/www.inmueblesmodagris.com.mx\/site_OLD\/home\/attachment\/gall-07\/\" \/><\/figure>\n<\/li>\n<li class=\"blocks-gallery-item\">\n<figure><img loading=\"lazy\" decoding=\"async\" class=\"wp-image-2324\" src=\"http:\/\/www.inmueblesmodagris.com.mx\/site_OLD\/wp-content\/uploads\/2021\/02\/GALL-06-1024x766.jpg\" sizes=\"auto, (max-width: 1024px) 100vw, 1024px\" srcset=\"https:\/\/www.inmueblesmodagris.com.mx\/site_OLD\/wp-content\/uploads\/2021\/02\/GALL-06-1024x766.jpg 1024w, https:\/\/www.inmueblesmodagris.com.mx\/site_OLD\/wp-content\/uploads\/2021\/02\/GALL-06-300x224.jpg 300w, https:\/\/www.inmueblesmodagris.com.mx\/site_OLD\/wp-content\/uploads\/2021\/02\/GALL-06-768x574.jpg 768w, https:\/\/www.inmueblesmodagris.com.mx\/site_OLD\/wp-content\/uploads\/2021\/02\/GALL-06.jpg 1277w\" alt=\"\" width=\"1024\" height=\"766\" data-id=\"2324\" data-full-url=\"http:\/\/www.inmueblesmodagris.com.mx\/site_OLD\/wp-content\/uploads\/2021\/02\/GALL-06.jpg\" data-link=\"http:\/\/www.inmueblesmodagris.com.mx\/site_OLD\/home\/attachment\/gall-06\/\" \/><\/figure>\n<\/li>\n<li class=\"blocks-gallery-item\">\n<figure><img loading=\"lazy\" decoding=\"async\" class=\"wp-image-2322\" src=\"http:\/\/www.inmueblesmodagris.com.mx\/site_OLD\/wp-content\/uploads\/2021\/02\/GALL-04-1024x766.jpg\" sizes=\"auto, (max-width: 1024px) 100vw, 1024px\" srcset=\"https:\/\/www.inmueblesmodagris.com.mx\/site_OLD\/wp-content\/uploads\/2021\/02\/GALL-04-1024x766.jpg 1024w, https:\/\/www.inmueblesmodagris.com.mx\/site_OLD\/wp-content\/uploads\/2021\/02\/GALL-04-300x224.jpg 300w, https:\/\/www.inmueblesmodagris.com.mx\/site_OLD\/wp-content\/uploads\/2021\/02\/GALL-04-768x574.jpg 768w, https:\/\/www.inmueblesmodagris.com.mx\/site_OLD\/wp-content\/uploads\/2021\/02\/GALL-04.jpg 1277w\" alt=\"\" width=\"1024\" height=\"766\" data-id=\"2322\" data-full-url=\"http:\/\/www.inmueblesmodagris.com.mx\/site_OLD\/wp-content\/uploads\/2021\/02\/GALL-04.jpg\" data-link=\"http:\/\/www.inmueblesmodagris.com.mx\/site_OLD\/home\/attachment\/gall-04\/\" \/><\/figure>\n<\/li>\n<li class=\"blocks-gallery-item\">\n<figure><img loading=\"lazy\" decoding=\"async\" class=\"wp-image-2323\" src=\"http:\/\/www.inmueblesmodagris.com.mx\/site_OLD\/wp-content\/uploads\/2021\/02\/GALL-05-1024x766.jpg\" sizes=\"auto, (max-width: 1024px) 100vw, 1024px\" srcset=\"https:\/\/www.inmueblesmodagris.com.mx\/site_OLD\/wp-content\/uploads\/2021\/02\/GALL-05-1024x766.jpg 1024w, https:\/\/www.inmueblesmodagris.com.mx\/site_OLD\/wp-content\/uploads\/2021\/02\/GALL-05-300x224.jpg 300w, https:\/\/www.inmueblesmodagris.com.mx\/site_OLD\/wp-content\/uploads\/2021\/02\/GALL-05-768x574.jpg 768w, https:\/\/www.inmueblesmodagris.com.mx\/site_OLD\/wp-content\/uploads\/2021\/02\/GALL-05.jpg 1277w\" alt=\"\" width=\"1024\" height=\"766\" data-id=\"2323\" data-full-url=\"http:\/\/www.inmueblesmodagris.com.mx\/site_OLD\/wp-content\/uploads\/2021\/02\/GALL-05.jpg\" data-link=\"http:\/\/www.inmueblesmodagris.com.mx\/site_OLD\/home\/attachment\/gall-05\/\" \/><\/figure>\n<\/li>\n<\/ul>\n<\/figure>\n<\/div>\n","protected":false},"excerpt":{"rendered":"<p>Avenida Central #40 Fraccionamiento \u201cJardines de Tlayacapan\u201d Tlayacapan, Estado de Morelos Condominio Habitacional integrado de 5 Casas, cada una con Alberca. Descripci\u00f3n de cada Casa: PLANTA BAJA Canceles de Acceso Cocina, con estufa y campana Sala Comedor Medio Ba\u00f1o Patio de Servicio con \u00e1rea de Lavado Boiler Bodega Cisterna de 5,000 lts. Bomba de agua&#8230;<\/p>\n","protected":false},"author":1,"featured_media":0,"parent":0,"menu_order":0,"comment_status":"closed","ping_status":"closed","template":"","meta":{"footnotes":""},"class_list":["post-8629","page","type-page","status-publish","hentry"],"_links":{"self":[{"href":"https:\/\/inmueblesmodagris.com.mx\/site\/wp-json\/wp\/v2\/pages\/8629","targetHints":{"allow":["GET"]}}],"collection":[{"href":"https:\/\/inmueblesmodagris.com.mx\/site\/wp-json\/wp\/v2\/pages"}],"about":[{"href":"https:\/\/inmueblesmodagris.com.mx\/site\/wp-json\/wp\/v2\/types\/page"}],"author":[{"embeddable":true,"href":"https:\/\/inmueblesmodagris.com.mx\/site\/wp-json\/wp\/v2\/users\/1"}],"replies":[{"embeddable":true,"href":"https:\/\/inmueblesmodagris.com.mx\/site\/wp-json\/wp\/v2\/comments?post=8629"}],"version-history":[{"count":1,"href":"https:\/\/inmueblesmodagris.com.mx\/site\/wp-json\/wp\/v2\/pages\/8629\/revisions"}],"predecessor-version":[{"id":8630,"href":"https:\/\/inmueblesmodagris.com.mx\/site\/wp-json\/wp\/v2\/pages\/8629\/revisions\/8630"}],"wp:attachment":[{"href":"https:\/\/inmueblesmodagris.com.mx\/site\/wp-json\/wp\/v2\/media?parent=8629"}],"curies":[{"name":"wp","href":"https:\/\/api.w.org\/{rel}","templated":true}]}}