{"id":8626,"date":"2024-04-16T07:48:31","date_gmt":"2024-04-16T07:48:31","guid":{"rendered":"https:\/\/inmueblesmodagris.com.mx\/site\/?page_id=8626"},"modified":"2024-04-16T07:48:31","modified_gmt":"2024-04-16T07:48:31","slug":"aviso-de-privacidad-de-datos","status":"publish","type":"page","link":"https:\/\/inmueblesmodagris.com.mx\/site\/aviso-de-privacidad-de-datos\/","title":{"rendered":"AVISO DE PRIVACIDAD DE DATOS"},"content":{"rendered":"<p>Inmobiliaria Modagris, con domicilio en calle Xicotencatl, Lote 7, Fraccionamiento Jardines de Tlayacapan, Municipio de Tlayacapan, Estado de Morelos, es responsable de recabar sus datos personales, del uso que se le d\u00e9 a los mismos y de su protecci\u00f3n.<\/p>\n<p>C\u00f3mo contactarnos:<\/p>\n<p>Domicilio: calle Xicotencatl, Lote 7, Fraccionamiento Jardines de Tlayacapan, Municipio de Tlayacapan, Estado de Morelos<\/p>\n<p>Correo electr\u00f3nico:\u00a0<a href=\"mailto:modagris.tlayacapan@gmail.com\">modagris.tlayacapan@gmail.com<\/a><\/p>\n<p>\u00bfPara qu\u00e9 fines recabamos y utilizamos sus datos personales?<\/p>\n<p>Sus datos personales ser\u00e1n utilizados para las siguientes finalidades:<\/p>\n<ul>\n<li>Proveer los servicios requeridos por usted;<\/li>\n<li>Informar sobre cambios o servicios que est\u00e9n relacionados con el contratado o adquirido por el cliente;<\/li>\n<li>Dar cumplimiento a obligaciones contra\u00eddas con nuestros clientes;<\/li>\n<li>Realizar estudios internos sobre h\u00e1bitos de consumo.<\/li>\n<\/ul>\n<p>\u00bfQu\u00e9 datos personales obtenemos y de d\u00f3nde?<\/p>\n<p>Para las finalidades se\u00f1aladas en el presente aviso de privacidad, podemos recabar sus datos personales de distintas formas: cuando usted nos los proporciona directamente; cuando visita nuestro sitio de Internet o utiliza nuestros servicios en l\u00ednea, y cuando obtenemos informaci\u00f3n a trav\u00e9s de otras fuentes que est\u00e1n permitidas por la ley.<\/p>\n<p>Datos personales que recabamos de forma directa:<\/p>\n<p>Recabamos sus datos personales de forma directa cuando usted mismo nos los proporciona por diversos medios, como cuando nos da informaci\u00f3n con objeto de que le prestemos un servicio. Los datos que obtenemos por este medio pueden ser, entre otros:<\/p>\n<ul>\n<li>Nombre Completo<\/li>\n<li>Email<\/li>\n<li>Tel\u00e9fono particular<\/li>\n<li>Tel\u00e9fono Celular<\/li>\n<\/ul>\n<p>Datos personales que recabamos cuando visita nuestro sitio de Internet o utiliza nuestros servicios en l\u00ednea:<\/p>\n<ul>\n<li>Nombre Completo<\/li>\n<li>Email<\/li>\n<li>Tel\u00e9fono particular<\/li>\n<li>Tel\u00e9fono Celular<\/li>\n<\/ul>\n<p>Datos personales sensibles:<\/p>\n<p>Le informamos que en esta empresa no ser\u00e1n recabados y tratados datos personales sensibles que incluyen entre otros origen racial o \u00e9tnico, estado de salud presente y futuro, informaci\u00f3n gen\u00e9tica, creencias religiosas, filos\u00f3ficas y morales, afiliaci\u00f3n sindical, opiniones pol\u00edticas, preferencia sexual.<\/p>\n<p>\u00bfC\u00f3mo acceder o rectificar sus datos personales o cancelar u oponerse a su uso?<\/p>\n<p>Usted tiene el derecho de acceder a sus datos personales que poseemos y a los detalles del tratamiento de los mismos, as\u00ed como a rectificarlos en caso de ser inexactos o instruirnos cancelarlos cuando considere que resulten ser excesivos o innecesarios para las finalidades que justificaron su obtenci\u00f3n u oponerse al tratamiento de los mismos para fines espec\u00edficos.<\/p>\n<p>Los mecanismos que se han implementado para el ejercicio de dichos derechos son a trav\u00e9s de la presentaci\u00f3n de la solicitud respectiva en:<\/p>\n<p>Nuestro departamento de privacidad al correo\u00a0<a href=\"mailto:modagris.tlayacapan@gmail.com\">modagris.tlayacapan@gmail.com<\/a><\/p>\n<p>Modificaciones al aviso de privacidad<\/p>\n<p>Nos reservamos el derecho de efectuar en cualquier momento modificaciones o actualizaciones al presente aviso de privacidad, para la atenci\u00f3n de novedades legislativas o jurisprudenciales, pol\u00edticas internas, nuevos requerimientos para la prestaci\u00f3n u ofrecimiento de nuestros servicios o productos y pr\u00e1cticas del mercado.<\/p>\n<p>Estas modificaciones estar\u00e1n disponibles al p\u00fablico a trav\u00e9s de nuestra p\u00e1gina de Internet https:\/\/inmobiliariamodagris.com.mx\/avisodeprivacidad<\/p>\n","protected":false},"excerpt":{"rendered":"<p>Inmobiliaria Modagris, con domicilio en calle Xicotencatl, Lote 7, Fraccionamiento Jardines de Tlayacapan, Municipio de Tlayacapan, Estado de Morelos, es responsable de recabar sus datos personales, del uso que se le d\u00e9 a los mismos y de su protecci\u00f3n. C\u00f3mo contactarnos: Domicilio: calle Xicotencatl, Lote 7, Fraccionamiento Jardines de Tlayacapan, Municipio de Tlayacapan, Estado de&#8230;<\/p>\n","protected":false},"author":1,"featured_media":0,"parent":0,"menu_order":0,"comment_status":"closed","ping_status":"closed","template":"","meta":{"footnotes":""},"class_list":["post-8626","page","type-page","status-publish","hentry"],"_links":{"self":[{"href":"https:\/\/inmueblesmodagris.com.mx\/site\/wp-json\/wp\/v2\/pages\/8626","targetHints":{"allow":["GET"]}}],"collection":[{"href":"https:\/\/inmueblesmodagris.com.mx\/site\/wp-json\/wp\/v2\/pages"}],"about":[{"href":"https:\/\/inmueblesmodagris.com.mx\/site\/wp-json\/wp\/v2\/types\/page"}],"author":[{"embeddable":true,"href":"https:\/\/inmueblesmodagris.com.mx\/site\/wp-json\/wp\/v2\/users\/1"}],"replies":[{"embeddable":true,"href":"https:\/\/inmueblesmodagris.com.mx\/site\/wp-json\/wp\/v2\/comments?post=8626"}],"version-history":[{"count":1,"href":"https:\/\/inmueblesmodagris.com.mx\/site\/wp-json\/wp\/v2\/pages\/8626\/revisions"}],"predecessor-version":[{"id":8627,"href":"https:\/\/inmueblesmodagris.com.mx\/site\/wp-json\/wp\/v2\/pages\/8626\/revisions\/8627"}],"wp:attachment":[{"href":"https:\/\/inmueblesmodagris.com.mx\/site\/wp-json\/wp\/v2\/media?parent=8626"}],"curies":[{"name":"wp","href":"https:\/\/api.w.org\/{rel}","templated":true}]}}