{"id":8580,"date":"2024-04-16T07:35:10","date_gmt":"2024-04-16T07:35:10","guid":{"rendered":"https:\/\/inmueblesmodagris.com.mx\/site\/?page_id=8580"},"modified":"2024-04-16T07:35:10","modified_gmt":"2024-04-16T07:35:10","slug":"quienes-somos","status":"publish","type":"page","link":"https:\/\/inmueblesmodagris.com.mx\/site\/quienes-somos\/","title":{"rendered":"\u00bfQui\u00e9nes somos?"},"content":{"rendered":"<p>Somos un equipo que desde el a\u00f1o 2015, iniciamos la construcci\u00f3n de nuestros proyectos habitacionales, enfocados en casas funcionales, c\u00e1lidas, con \u00e1reas que se conjugan y crean el entorno ideal para que sean disfrutadas tanto como casas de descanso, como para habitar de manera definitiva.<\/p>\n<p>Uno de nuestros objetivos base, es que las casas son elementos individuales entre ellas, en virtud de que cada casa cuenta con sus servicios de manera exclusiva, siendo \u00e9ste nuestro concepto y sello, que cada casa es totalmente independiente.<\/p>\n<p>Los integrantes de nuestro equipo cuentan con experiencia en la planeaci\u00f3n, desarrollo y construcci\u00f3n de proyectos habitacionales; elementos que nos respaldan en cada una de las operaciones que exitosamente se han llevado a cabo.<\/p>\n<p>Cada uno de nuestros proyectos son estudiados, planeados y construidos estrictamente con toda la normatividad que se requiere.<\/p>\n<p>La experiencia de la adquisici\u00f3n de una nuestras casas, es sencilla, r\u00e1pida y segura.<\/p>\n<p><img loading=\"lazy\" decoding=\"async\" class=\"alignnone size-full wp-image-8567\" src=\"https:\/\/inmueblesmodagris.com.mx\/site\/wp-content\/uploads\/2024\/04\/SLIDER-04.jpg\" alt=\"\" width=\"1950\" height=\"725\" \/>Les invitamos a ser parte de una comunidad de propietarios, los cuales respaldan y se unen a nuestra seriedad, dedicaci\u00f3n, profesionalismo, ganas y gusto por innovar en el desarrollo de espacios y ambientes enteramente familiares.<\/p>\n<p>Cada uno de nuestros desarrollos, son espacios de creaci\u00f3n de experiencias, historias y momentos los cuales formar\u00e1n parte de la vida de cada uno de ustedes como propietarios, de sus amigos y familiares.<\/p>\n","protected":false},"excerpt":{"rendered":"<p>Somos un equipo que desde el a\u00f1o 2015, iniciamos la construcci\u00f3n de nuestros proyectos habitacionales, enfocados en casas funcionales, c\u00e1lidas, con \u00e1reas que se conjugan y crean el entorno ideal para que sean disfrutadas tanto como casas de descanso, como para habitar de manera definitiva. Uno de nuestros objetivos base, es que las casas son&#8230;<\/p>\n","protected":false},"author":1,"featured_media":0,"parent":0,"menu_order":0,"comment_status":"closed","ping_status":"closed","template":"","meta":{"footnotes":""},"class_list":["post-8580","page","type-page","status-publish","hentry"],"_links":{"self":[{"href":"https:\/\/inmueblesmodagris.com.mx\/site\/wp-json\/wp\/v2\/pages\/8580","targetHints":{"allow":["GET"]}}],"collection":[{"href":"https:\/\/inmueblesmodagris.com.mx\/site\/wp-json\/wp\/v2\/pages"}],"about":[{"href":"https:\/\/inmueblesmodagris.com.mx\/site\/wp-json\/wp\/v2\/types\/page"}],"author":[{"embeddable":true,"href":"https:\/\/inmueblesmodagris.com.mx\/site\/wp-json\/wp\/v2\/users\/1"}],"replies":[{"embeddable":true,"href":"https:\/\/inmueblesmodagris.com.mx\/site\/wp-json\/wp\/v2\/comments?post=8580"}],"version-history":[{"count":2,"href":"https:\/\/inmueblesmodagris.com.mx\/site\/wp-json\/wp\/v2\/pages\/8580\/revisions"}],"predecessor-version":[{"id":8663,"href":"https:\/\/inmueblesmodagris.com.mx\/site\/wp-json\/wp\/v2\/pages\/8580\/revisions\/8663"}],"wp:attachment":[{"href":"https:\/\/inmueblesmodagris.com.mx\/site\/wp-json\/wp\/v2\/media?parent=8580"}],"curies":[{"name":"wp","href":"https:\/\/api.w.org\/{rel}","templated":true}]}}